{"id":803,"date":"2021-11-14T13:53:42","date_gmt":"2021-11-14T12:53:42","guid":{"rendered":"https:\/\/wash-and-polish.de\/?page_id=803"},"modified":"2021-11-18T08:40:17","modified_gmt":"2021-11-18T07:40:17","slug":"kann-ich-vor-ort-warten-waehrend-mein-auto-gewaschen-wird","status":"publish","type":"page","link":"https:\/\/wash-and-polish.de\/?page_id=803","title":{"rendered":"Kann ich Vor Ort warten, w\u00e4hrend mein Auto gewaschen wird?"},"content":{"rendered":"<div data-colibri-id=\"803-c1\" class=\"style-607 style-local-803-c1 position-relative\">\n  <!---->\n  <div data-colibri-component=\"section\" data-colibri-id=\"803-c2\" id=\"custom\" class=\"h-section h-section-global-spacing d-flex align-items-lg-center align-items-md-center align-items-center style-608 style-local-803-c2 position-relative\">\n    <!---->\n    <!---->\n    <div class=\"h-section-grid-container h-section-boxed-container\">\n      <!---->\n      <div data-colibri-id=\"803-c3\" class=\"h-row-container gutters-row-lg-2 gutters-row-md-2 gutters-row-0 gutters-row-v-lg-2 gutters-row-v-md-2 gutters-row-v-2 style-609 style-local-803-c3 position-relative\">\n        <!---->\n        <div class=\"h-row justify-content-lg-center justify-content-md-center justify-content-center align-items-lg-stretch align-items-md-stretch align-items-stretch gutters-col-lg-2 gutters-col-md-2 gutters-col-0 gutters-col-v-lg-2 gutters-col-v-md-2 gutters-col-v-2\">\n          <!---->\n          <div class=\"h-column h-column-container d-flex h-col-lg-auto h-col-md-auto h-col-auto style-610-outer style-local-803-c4-outer\">\n            <div data-colibri-id=\"803-c4\" class=\"d-flex h-flex-basis h-column__inner h-px-lg-2 h-px-md-2 h-px-2 v-inner-lg-2 v-inner-md-2 v-inner-2 style-610 style-local-803-c4 position-relative\">\n              <!---->\n              <!---->\n              <div class=\"w-100 h-y-container h-column__content h-column__v-align flex-basis-100 align-self-lg-start align-self-md-start align-self-start\">\n                <!---->\n                <div data-colibri-id=\"803-c5\" class=\"h-text h-text-component style-611 style-local-803-c5 position-relative h-element\">\n                  <!---->\n                  <!---->\n                  <div class=\"\">\n                    <p>Gerne d\u00fcrfen Sie w\u00e4hrend des waschens dabei bleiben und mir \u00fcber die Schulter gucken. Dabei beantworte ich gerne Ihre Fragen rund um das Thema Autopflege.<\/p>\n                    <p>Wer sich seine Zeit gerne anders vertreiben m\u00f6chte, hat die M\u00f6glichkeit im Imbiss&nbsp;<span style=\"color: rgb(105, 108, 119); font-family: &quot;Open Sans&quot;; font-size: 20px;\">(www.haensel-gretel-olpe.de)&nbsp;<\/span>bei uns auf\n                      dem Platz, einen kleinen Snack oder ein Getr\u00e4nk zu sich zu nehmen. Gut gest\u00e4rkt nehmen Sie dann ihr sauberes Auto in Empfang.<\/p>\n                    <p>\n                      <br>\n                    <\/p>\n                  <\/div>\n                <\/div>\n              <\/div>\n            <\/div>\n          <\/div>\n        <\/div>\n      <\/div>\n    <\/div>\n  <\/div>\n<\/div>","protected":false},"excerpt":{"rendered":"<p>Gerne d\u00fcrfen Sie w\u00e4hrend des waschens dabei bleiben und mir \u00fcber die Schulter gucken. Dabei beantworte ich gerne Ihre Fragen rund um das Thema Autopflege. Wer sich seine Zeit gerne anders vertreiben m\u00f6chte, hat die M\u00f6glichkeit im Imbiss&nbsp;(www.haensel-gretel-olpe.de)&nbsp;bei uns auf dem Platz, einen kleinen Snack oder ein Getr\u00e4nk zu sich zu nehmen. Gut gest\u00e4rkt nehmen [&hellip;]<\/p>\n","protected":false},"author":1,"featured_media":0,"parent":0,"menu_order":0,"comment_status":"closed","ping_status":"closed","template":"page-templates\/full-width-page.php","meta":{"footnotes":""},"class_list":["post-803","page","type-page","status-publish","hentry"],"_links":{"self":[{"href":"https:\/\/wash-and-polish.de\/index.php?rest_route=\/wp\/v2\/pages\/803","targetHints":{"allow":["GET"]}}],"collection":[{"href":"https:\/\/wash-and-polish.de\/index.php?rest_route=\/wp\/v2\/pages"}],"about":[{"href":"https:\/\/wash-and-polish.de\/index.php?rest_route=\/wp\/v2\/types\/page"}],"author":[{"embeddable":true,"href":"https:\/\/wash-and-polish.de\/index.php?rest_route=\/wp\/v2\/users\/1"}],"replies":[{"embeddable":true,"href":"https:\/\/wash-and-polish.de\/index.php?rest_route=%2Fwp%2Fv2%2Fcomments&post=803"}],"version-history":[{"count":6,"href":"https:\/\/wash-and-polish.de\/index.php?rest_route=\/wp\/v2\/pages\/803\/revisions"}],"predecessor-version":[{"id":1354,"href":"https:\/\/wash-and-polish.de\/index.php?rest_route=\/wp\/v2\/pages\/803\/revisions\/1354"}],"wp:attachment":[{"href":"https:\/\/wash-and-polish.de\/index.php?rest_route=%2Fwp%2Fv2%2Fmedia&parent=803"}],"curies":[{"name":"wp","href":"https:\/\/api.w.org\/{rel}","templated":true}]}}