{"id":780,"date":"2021-11-14T13:40:04","date_gmt":"2021-11-14T12:40:04","guid":{"rendered":"https:\/\/wash-and-polish.de\/?page_id=780"},"modified":"2021-11-18T08:37:43","modified_gmt":"2021-11-18T07:37:43","slug":"neuwagen-was-ist-sinnvoll","status":"publish","type":"page","link":"https:\/\/wash-and-polish.de\/?page_id=780","title":{"rendered":"Neuwagen &#8211; was ist Sinnvoll"},"content":{"rendered":"<div data-colibri-id=\"780-c1\" class=\"style-595 style-local-780-c1 position-relative\">\n  <!---->\n  <div data-colibri-component=\"section\" data-colibri-id=\"780-c2\" id=\"custom\" class=\"h-section h-section-global-spacing d-flex align-items-lg-center align-items-md-center align-items-center style-596 style-local-780-c2 position-relative\">\n    <!---->\n    <!---->\n    <div class=\"h-section-grid-container h-section-boxed-container\">\n      <!---->\n      <div data-colibri-id=\"780-c3\" class=\"h-row-container gutters-row-lg-2 gutters-row-md-2 gutters-row-0 gutters-row-v-lg-2 gutters-row-v-md-2 gutters-row-v-2 style-599 style-local-780-c3 position-relative\">\n        <!---->\n        <div class=\"h-row justify-content-lg-center justify-content-md-center justify-content-center align-items-lg-stretch align-items-md-stretch align-items-stretch gutters-col-lg-2 gutters-col-md-2 gutters-col-0 gutters-col-v-lg-2 gutters-col-v-md-2 gutters-col-v-2\">\n          <!---->\n          <div class=\"h-column h-column-container d-flex h-col-lg-auto h-col-md-auto h-col-auto style-600-outer style-local-780-c4-outer\">\n            <div data-colibri-id=\"780-c4\" class=\"d-flex h-flex-basis h-column__inner h-px-lg-2 h-px-md-2 h-px-2 v-inner-lg-2 v-inner-md-2 v-inner-2 style-600 style-local-780-c4 position-relative\">\n              <!---->\n              <!---->\n              <div class=\"w-100 h-y-container h-column__content h-column__v-align flex-basis-100 align-self-lg-start align-self-md-start align-self-start\">\n                <!---->\n                <div data-colibri-id=\"780-c5\" class=\"h-text h-text-component style-601 style-local-780-c5 position-relative h-element\">\n                  <!---->\n                  <!---->\n                  <div class=\"\">\n                    <p>Ich sage: Herzlichen Gl\u00fcckwunsch zu ihrem neuen Fahrzeug. Leider werden die Fahrzeuge von den Autoh\u00e4usern f\u00fcr die Auslieferung aufbereitet. Den Fahrzeugaufbereitern im Autohaus selber bleibt meist nur wenig Zeit um das Fahrzeug vorzubereiten,\n                      was nahezu bei jedem Neuwagen Spuren von unsachgem\u00e4\u00dfer Politur und anderen leichten Lackfehlern hervorruft. Daher mein Tipp:&nbsp;eine Lackpolitur.<\/p>\n                    <p>Um den Neulack anschlie\u00dfend lange zu sch\u00fctzen, empfehle ich einen Lackschutz aufzutragen. Hier gibt es verschiedenste M\u00f6glichkeiten.<\/p>\n                    <p>&nbsp;<\/p>\n                    <p>Sprechen Sie mich an und vereinbaren einen Termin und wir finden das beste Paket.<\/p>\n                    <p>\n                      <br>\n                    <\/p>\n                  <\/div>\n                <\/div>\n              <\/div>\n            <\/div>\n          <\/div>\n        <\/div>\n      <\/div>\n      <div data-colibri-id=\"780-c6\" class=\"h-row-container gutters-row-lg-2 gutters-row-md-2 gutters-row-0 gutters-row-v-lg-2 gutters-row-v-md-2 gutters-row-v-2 style-597 style-local-780-c6 position-relative\">\n        <!---->\n        <div class=\"h-row justify-content-lg-center justify-content-md-center justify-content-center align-items-lg-stretch align-items-md-stretch align-items-stretch gutters-col-lg-2 gutters-col-md-2 gutters-col-0 gutters-col-v-lg-2 gutters-col-v-md-2 gutters-col-v-2\">\n          <!---->\n          <div class=\"h-column h-column-container d-flex h-col-lg-auto h-col-md-auto h-col-auto style-598-outer style-local-780-c7-outer\">\n            <div data-colibri-id=\"780-c7\" class=\"d-flex h-flex-basis h-column__inner h-ui-empty-state-container h-px-lg-2 h-px-md-2 h-px-2 v-inner-lg-2 v-inner-md-2 v-inner-2 style-598 style-local-780-c7 position-relative\">\n              <!---->\n              <!---->\n              <div class=\"w-100 h-y-container h-column__content h-column__v-align flex-basis-100\">\n                <!---->\n              <\/div>\n            <\/div>\n          <\/div>\n        <\/div>\n      <\/div>\n    <\/div>\n  <\/div>\n<\/div>","protected":false},"excerpt":{"rendered":"<p>Ich sage: Herzlichen Gl\u00fcckwunsch zu ihrem neuen Fahrzeug. Leider werden die Fahrzeuge von den Autoh\u00e4usern f\u00fcr die Auslieferung aufbereitet. Den Fahrzeugaufbereitern im Autohaus selber bleibt meist nur wenig Zeit um das Fahrzeug vorzubereiten, was nahezu bei jedem Neuwagen Spuren von unsachgem\u00e4\u00dfer Politur und anderen leichten Lackfehlern hervorruft. Daher mein Tipp:&nbsp;eine Lackpolitur. Um den Neulack anschlie\u00dfend [&hellip;]<\/p>\n","protected":false},"author":1,"featured_media":0,"parent":0,"menu_order":0,"comment_status":"closed","ping_status":"closed","template":"page-templates\/full-width-page.php","meta":{"footnotes":""},"class_list":["post-780","page","type-page","status-publish","hentry"],"_links":{"self":[{"href":"https:\/\/wash-and-polish.de\/index.php?rest_route=\/wp\/v2\/pages\/780","targetHints":{"allow":["GET"]}}],"collection":[{"href":"https:\/\/wash-and-polish.de\/index.php?rest_route=\/wp\/v2\/pages"}],"about":[{"href":"https:\/\/wash-and-polish.de\/index.php?rest_route=\/wp\/v2\/types\/page"}],"author":[{"embeddable":true,"href":"https:\/\/wash-and-polish.de\/index.php?rest_route=\/wp\/v2\/users\/1"}],"replies":[{"embeddable":true,"href":"https:\/\/wash-and-polish.de\/index.php?rest_route=%2Fwp%2Fv2%2Fcomments&post=780"}],"version-history":[{"count":4,"href":"https:\/\/wash-and-polish.de\/index.php?rest_route=\/wp\/v2\/pages\/780\/revisions"}],"predecessor-version":[{"id":1326,"href":"https:\/\/wash-and-polish.de\/index.php?rest_route=\/wp\/v2\/pages\/780\/revisions\/1326"}],"wp:attachment":[{"href":"https:\/\/wash-and-polish.de\/index.php?rest_route=%2Fwp%2Fv2%2Fmedia&parent=780"}],"curies":[{"name":"wp","href":"https:\/\/api.w.org\/{rel}","templated":true}]}}