{"id":173,"date":"2021-11-11T08:12:48","date_gmt":"2021-11-11T07:12:48","guid":{"rendered":"https:\/\/wash-and-polish.de\/?page_id=173"},"modified":"2022-06-07T10:25:58","modified_gmt":"2022-06-07T08:25:58","slug":"versiegelungen","status":"publish","type":"page","link":"https:\/\/wash-and-polish.de\/?page_id=173","title":{"rendered":"Versiegelungen"},"content":{"rendered":"<div data-colibri-id=\"173-c1\" class=\"style-470 style-local-173-c1 position-relative\">\n  <!---->\n  <div data-colibri-component=\"section\" data-colibri-id=\"173-c2\" id=\"custom-2\" class=\"h-section h-section-global-spacing d-flex align-items-lg-center align-items-md-center align-items-center style-793 style-local-173-c2 position-relative\">\n    <!---->\n    <!---->\n    <div class=\"h-section-grid-container h-section-boxed-container\">\n      <!---->\n      <div data-colibri-id=\"173-c3\" class=\"h-row-container gutters-row-lg-1 gutters-row-md-1 gutters-row-0 gutters-row-v-lg-1 gutters-row-v-md-1 gutters-row-v-1 style-794 style-local-173-c3 position-relative\">\n        <!---->\n        <div class=\"h-row justify-content-lg-center justify-content-md-center justify-content-center align-items-lg-stretch align-items-md-stretch align-items-stretch gutters-col-lg-1 gutters-col-md-1 gutters-col-0 gutters-col-v-lg-1 gutters-col-v-md-1 gutters-col-v-1\">\n          <!---->\n          <div class=\"h-column h-column-container d-flex h-col-lg-12 h-col-md-12 h-col-12 style-795-outer style-local-173-c4-outer\">\n            <div data-colibri-id=\"173-c4\" class=\"d-flex h-flex-basis h-column__inner h-px-lg-1 h-px-md-1 h-px-1 v-inner-lg-1 v-inner-md-1 v-inner-1 style-795 style-local-173-c4 position-relative\">\n              <!---->\n              <!---->\n              <div class=\"w-100 h-y-container h-column__content h-column__v-align flex-basis-100 align-self-lg-start align-self-md-start align-self-start\">\n                <!---->\n                <div data-colibri-id=\"173-c5\" class=\"h-global-transition-all h-heading style-797 style-local-173-c5 position-relative h-element\">\n                  <!---->\n                  <div class=\"h-heading__outer style-797 style-local-173-c5\">\n                    <!---->\n                    <!---->\n                    <h1 class=\"\">Versiegelungen<\/h1>\n                  <\/div>\n                <\/div>\n              <\/div>\n            <\/div>\n          <\/div>\n          <div class=\"h-column h-column-container d-flex h-col-lg-12 h-col-md-12 h-col-12 style-796-outer style-local-173-c6-outer\">\n            <div data-colibri-id=\"173-c6\" class=\"d-flex h-flex-basis h-column__inner h-px-lg-1 h-px-md-1 h-px-1 v-inner-lg-1 v-inner-md-1 v-inner-1 style-796 style-local-173-c6 position-relative\">\n              <!---->\n              <!---->\n              <div class=\"w-100 h-y-container h-column__content h-column__v-align flex-basis-100 align-self-lg-start align-self-md-start align-self-start\">\n                <!---->\n                <div data-colibri-id=\"173-c7\" class=\"h-global-transition-all h-heading style-798 style-local-173-c7 position-relative h-element\">\n                  <!---->\n                  <div class=\"h-heading__outer style-798 style-local-173-c7\">\n                    <!---->\n                    <!---->\n                    <h1 class=\"\">Nach einer Lackpflege gibt es verschiedene M\u00f6glichkeiten Ihren Lack zu sch\u00fctzen. Ob Hartwachs, Spr\u00fchversiegelungen oder keramische Versiegelungen, f\u00fcr jeden ist bei mir was passendes dabei.<\/h1>\n                  <\/div>\n                <\/div>\n              <\/div>\n            <\/div>\n          <\/div>\n        <\/div>\n      <\/div>\n    <\/div>\n  <\/div>\n<\/div>","protected":false},"excerpt":{"rendered":"<p>Versiegelungen Nach einer Lackpflege gibt es verschiedene M\u00f6glichkeiten Ihren Lack zu sch\u00fctzen. Ob Hartwachs, Spr\u00fchversiegelungen oder keramische Versiegelungen, f\u00fcr jeden ist bei mir was passendes dabei.<\/p>\n","protected":false},"author":1,"featured_media":0,"parent":0,"menu_order":0,"comment_status":"closed","ping_status":"closed","template":"page-templates\/full-width-page.php","meta":{"footnotes":""},"class_list":["post-173","page","type-page","status-publish","hentry"],"_links":{"self":[{"href":"https:\/\/wash-and-polish.de\/index.php?rest_route=\/wp\/v2\/pages\/173","targetHints":{"allow":["GET"]}}],"collection":[{"href":"https:\/\/wash-and-polish.de\/index.php?rest_route=\/wp\/v2\/pages"}],"about":[{"href":"https:\/\/wash-and-polish.de\/index.php?rest_route=\/wp\/v2\/types\/page"}],"author":[{"embeddable":true,"href":"https:\/\/wash-and-polish.de\/index.php?rest_route=\/wp\/v2\/users\/1"}],"replies":[{"embeddable":true,"href":"https:\/\/wash-and-polish.de\/index.php?rest_route=%2Fwp%2Fv2%2Fcomments&post=173"}],"version-history":[{"count":7,"href":"https:\/\/wash-and-polish.de\/index.php?rest_route=\/wp\/v2\/pages\/173\/revisions"}],"predecessor-version":[{"id":1674,"href":"https:\/\/wash-and-polish.de\/index.php?rest_route=\/wp\/v2\/pages\/173\/revisions\/1674"}],"wp:attachment":[{"href":"https:\/\/wash-and-polish.de\/index.php?rest_route=%2Fwp%2Fv2%2Fmedia&parent=173"}],"curies":[{"name":"wp","href":"https:\/\/api.w.org\/{rel}","templated":true}]}}